{"id":2135,"date":"2023-12-26T10:04:27","date_gmt":"2023-12-26T10:04:27","guid":{"rendered":"https:\/\/cmcradio.fr\/?page_id=2135"},"modified":"2026-01-30T14:06:59","modified_gmt":"2026-01-30T14:06:59","slug":"mon-espace-ims","status":"publish","type":"page","link":"https:\/\/cmcradio.fr\/en\/mon-espace-ims\/","title":{"rendered":"Mon espace IMS"},"content":{"rendered":"<style>.elementor-2135 .elementor-element.elementor-element-78b1cea > .elementor-container{min-height:400px;}.elementor-2135 .elementor-element.elementor-element-78b1cea > .elementor-container > .elementor-column > .elementor-widget-wrap{align-content:center;align-items:center;}.elementor-2135 .elementor-element.elementor-element-78b1cea:not(.elementor-motion-effects-element-type-background), .elementor-2135 .elementor-element.elementor-element-78b1cea > .elementor-motion-effects-container > .elementor-motion-effects-layer{background-image:url(\"https:\/\/cmcradio.fr\/wp-content\/uploads\/2022\/10\/CMC-76-scaled.jpg\");background-position:center center;background-repeat:no-repeat;}.elementor-2135 .elementor-element.elementor-element-78b1cea > .elementor-background-overlay{background-color:#EDEDED;opacity:0.4;transition:background 0.3s, border-radius 0.3s, opacity 0.3s;}.elementor-2135 .elementor-element.elementor-element-78b1cea{transition:all 400ms;}.elementor-2135 .elementor-element.elementor-element-0fd1a38{transition:all 400ms;}.elementor-2135 .elementor-element.elementor-element-c61d8f6{text-align:center;margin:0px 0px calc(var(--kit-widget-spacing, 0px) + -10px) 0px;transition:all 400ms;}.elementor-2135 .elementor-element.elementor-element-c61d8f6 .elementor-heading-title{font-family:var( --e-global-typography-b4d0be4-font-family ), Sans-serif;font-size:var( --e-global-typography-b4d0be4-font-size );font-weight:var( --e-global-typography-b4d0be4-font-weight );text-transform:var( --e-global-typography-b4d0be4-text-transform );line-height:var( --e-global-typography-b4d0be4-line-height );letter-spacing:var( --e-global-typography-b4d0be4-letter-spacing );word-spacing:var( --e-global-typography-b4d0be4-word-spacing );color:#000000;}.elementor-2135 .elementor-element.elementor-element-ce8bf20 .jeg-elementor-kit.jkit-heading{text-align:center;}.elementor-2135 .elementor-element.elementor-element-ce8bf20 .jeg-elementor-kit.jkit-heading .heading-title{font-family:var( --e-global-typography-7dd03b0-font-family ), Sans-serif;font-size:var( --e-global-typography-7dd03b0-font-size );font-weight:var( --e-global-typography-7dd03b0-font-weight );line-height:var( --e-global-typography-7dd03b0-line-height );letter-spacing:var( --e-global-typography-7dd03b0-letter-spacing );word-spacing:var( --e-global-typography-7dd03b0-word-spacing );color:#000000;}.elementor-2135 .elementor-element.elementor-element-ce8bf20 .jeg-elementor-kit.jkit-heading .heading-section-title{margin:0px 0px 0px 0px;}.elementor-2135 .elementor-element.elementor-element-ce8bf20 .jeg-elementor-kit.jkit-heading .heading-section-title .heading-title{padding:0px 0px 0px 0px;border-radius:0px 0px 0px 0px;}.elementor-2135 .elementor-element.elementor-element-ce8bf20 .jeg-elementor-kit.jkit-heading .heading-title > span{color:var( --e-global-color-primary );font-family:var( --e-global-typography-7dd03b0-font-family ), Sans-serif;font-size:var( --e-global-typography-7dd03b0-font-size );font-weight:var( --e-global-typography-7dd03b0-font-weight );line-height:var( --e-global-typography-7dd03b0-line-height );letter-spacing:var( --e-global-typography-7dd03b0-letter-spacing );word-spacing:var( --e-global-typography-7dd03b0-word-spacing );padding:0px 10px 0px 10px;}.elementor-2135 .elementor-element.elementor-element-ce8bf20{transition:all 400ms;}.elementor-2135 .elementor-element.elementor-element-7c46821 > .elementor-container{max-width:1240px;}.elementor-2135 .elementor-element.elementor-element-7c46821 > .elementor-container > .elementor-column > .elementor-widget-wrap{align-content:center;align-items:center;}.elementor-2135 .elementor-element.elementor-element-7c46821{margin-top:90px;margin-bottom:90px;transition:all 400ms;}.elementor-2135 .elementor-element.elementor-element-576fe55{transition:all 400ms;}.elementor-2135 .elementor-element.elementor-element-0f84bbd{transition:all 400ms;}.elementor-2135 .elementor-element.elementor-element-f4521c4{transition:all 400ms;}.elementor-2135 .elementor-element.elementor-element-944a638{transition:all 400ms;}.elementor-2135 .elementor-element.elementor-element-62f6f5b{--spacer-size:17px;transition:all 400ms;}.elementor-2135 .elementor-element.elementor-element-f80022a .elementor-icon-wrapper{text-align:center;}.elementor-2135 .elementor-element.elementor-element-f80022a.elementor-view-stacked .elementor-icon{background-color:#FF0000;}.elementor-2135 .elementor-element.elementor-element-f80022a.elementor-view-framed .elementor-icon, .elementor-2135 .elementor-element.elementor-element-f80022a.elementor-view-default .elementor-icon{color:#FF0000;border-color:#FF0000;}.elementor-2135 .elementor-element.elementor-element-f80022a.elementor-view-framed .elementor-icon, .elementor-2135 .elementor-element.elementor-element-f80022a.elementor-view-default .elementor-icon svg{fill:#FF0000;}.elementor-2135 .elementor-element.elementor-element-f80022a{transition:all 400ms;}.elementor-2135 .elementor-element.elementor-element-42aa983{margin-top:-76px;margin-bottom:0px;transition:all 400ms;}.elementor-2135 .elementor-element.elementor-element-87b2b4e{transition:all 400ms;}.elementor-2135 .elementor-element.elementor-element-30be0a7 img{width:74%;max-width:60%;box-shadow:0px 0px 10px 0px rgba(0,0,0,0.5);}.elementor-2135 .elementor-element.elementor-element-30be0a7{transition:all 400ms;}.elementor-2135 .elementor-element.elementor-element-3072f5a{transition:all 400ms;}.elementor-2135 .elementor-element.elementor-element-3e1179c img{width:59%;max-width:51%;box-shadow:0px 0px 10px 0px rgba(0,0,0,0.5);}.elementor-2135 .elementor-element.elementor-element-3e1179c{transition:all 400ms;}.elementor-2135 .elementor-element.elementor-element-3aaca3c{transition:all 400ms;}.elementor-2135 .elementor-element.elementor-element-291c7c2{transition:all 400ms;}.elementor-2135 .elementor-element.elementor-element-da7ec3f{--spacer-size:50px;transition:all 400ms;}@media(max-width:1024px){.elementor-2135 .elementor-element.elementor-element-78b1cea > .elementor-container{min-height:350px;}.elementor-2135 .elementor-element.elementor-element-c61d8f6 .elementor-heading-title{font-size:var( --e-global-typography-b4d0be4-font-size );line-height:var( --e-global-typography-b4d0be4-line-height );letter-spacing:var( --e-global-typography-b4d0be4-letter-spacing );word-spacing:var( --e-global-typography-b4d0be4-word-spacing );}.elementor-2135 .elementor-element.elementor-element-ce8bf20 .jeg-elementor-kit.jkit-heading .heading-title{font-size:var( --e-global-typography-7dd03b0-font-size );line-height:var( --e-global-typography-7dd03b0-line-height );letter-spacing:var( --e-global-typography-7dd03b0-letter-spacing );word-spacing:var( --e-global-typography-7dd03b0-word-spacing );}.elementor-2135 .elementor-element.elementor-element-ce8bf20 .jeg-elementor-kit.jkit-heading .heading-title > span{font-size:var( --e-global-typography-7dd03b0-font-size );line-height:var( --e-global-typography-7dd03b0-line-height );letter-spacing:var( --e-global-typography-7dd03b0-letter-spacing );word-spacing:var( --e-global-typography-7dd03b0-word-spacing );}.elementor-2135 .elementor-element.elementor-element-7c46821{margin-top:-160px;margin-bottom:0px;padding:0px 10px 0px 10px;}}@media(max-width:767px){.elementor-2135 .elementor-element.elementor-element-78b1cea > .elementor-container{min-height:300px;}.elementor-2135 .elementor-element.elementor-element-78b1cea:not(.elementor-motion-effects-element-type-background), .elementor-2135 .elementor-element.elementor-element-78b1cea > .elementor-motion-effects-container > .elementor-motion-effects-layer{background-position:80% 0px;}.elementor-2135 .elementor-element.elementor-element-c61d8f6 .elementor-heading-title{font-size:var( --e-global-typography-b4d0be4-font-size );line-height:var( --e-global-typography-b4d0be4-line-height );letter-spacing:var( --e-global-typography-b4d0be4-letter-spacing );word-spacing:var( --e-global-typography-b4d0be4-word-spacing );}.elementor-2135 .elementor-element.elementor-element-ce8bf20 .jeg-elementor-kit.jkit-heading{text-align:center;}.elementor-2135 .elementor-element.elementor-element-ce8bf20 .jeg-elementor-kit.jkit-heading .heading-title{font-size:var( --e-global-typography-7dd03b0-font-size );line-height:var( --e-global-typography-7dd03b0-line-height );letter-spacing:var( --e-global-typography-7dd03b0-letter-spacing );word-spacing:var( --e-global-typography-7dd03b0-word-spacing );}.elementor-2135 .elementor-element.elementor-element-ce8bf20 .jeg-elementor-kit.jkit-heading .heading-title > span{font-size:var( --e-global-typography-7dd03b0-font-size );line-height:var( --e-global-typography-7dd03b0-line-height );letter-spacing:var( --e-global-typography-7dd03b0-letter-spacing );word-spacing:var( --e-global-typography-7dd03b0-word-spacing );}.elementor-2135 .elementor-element.elementor-element-7c46821{margin-top:60px;margin-bottom:60px;}}<\/style>\t\t<div data-elementor-type=\"wp-page\" data-elementor-id=\"2135\" class=\"elementor elementor-2135\" data-elementor-post-type=\"page\">\n\t\t\t\t\t\t<section class=\"elementor-section elementor-top-section elementor-element elementor-element-78b1cea elementor-section-height-min-height elementor-section-content-middle elementor-section-boxed elementor-section-height-default elementor-section-items-middle\" data-id=\"78b1cea\" data-element_type=\"section\" data-e-type=\"section\" data-settings=\"{&quot;background_background&quot;:&quot;classic&quot;}\">\n\t\t\t\t\t\t\t<div class=\"elementor-background-overlay\"><\/div>\n\t\t\t\t\t\t\t<div class=\"elementor-container elementor-column-gap-default\">\n\t\t\t\t\t<div class=\"elementor-column elementor-col-100 elementor-top-column elementor-element elementor-element-0fd1a38\" data-id=\"0fd1a38\" data-element_type=\"column\" data-e-type=\"column\">\n\t\t\t<div class=\"elementor-widget-wrap elementor-element-populated\">\n\t\t\t\t\t\t<div class=\"elementor-element elementor-element-c61d8f6 de_scroll_animation_no elementor-invisible elementor-widget elementor-widget-heading\" data-id=\"c61d8f6\" data-element_type=\"widget\" data-e-type=\"widget\" data-settings=\"{&quot;_animation&quot;:&quot;fadeInUp&quot;}\" data-widget_type=\"heading.default\">\n\t\t\t\t\t<h2 class=\"elementor-heading-title elementor-size-default\">Mon espace IMS<\/h2>\t\t\t\t<\/div>\n\t\t\t\t<div class=\"elementor-element elementor-element-ce8bf20 de_scroll_animation_no elementor-widget elementor-widget-jkit_heading\" data-id=\"ce8bf20\" data-element_type=\"widget\" data-e-type=\"widget\" data-widget_type=\"jkit_heading.default\">\n\t\t\t\t\t<div  class=\"jeg-elementor-kit jkit-heading  align-center align-tablet- align-mobile-center jeg_module___69f2a46689b5c\" ><div class=\"heading-section-title  display-inline-block\"><h2 class=\"heading-title\">Home<span class=\"style-color\"><span>&gt;<\/span><\/span>Mon espace IMS<\/h2><\/div><\/div>\t\t\t\t<\/div>\n\t\t\t\t\t<\/div>\n\t\t<\/div>\n\t\t\t\t\t<\/div>\n\t\t<\/section>\n\t\t\t\t<section class=\"elementor-section elementor-top-section elementor-element elementor-element-7c46821 elementor-section-content-middle elementor-section-boxed elementor-section-height-default elementor-section-height-default\" data-id=\"7c46821\" data-element_type=\"section\" data-e-type=\"section\">\n\t\t\t\t\t\t<div class=\"elementor-container elementor-column-gap-default\">\n\t\t\t\t\t<div class=\"elementor-column elementor-col-100 elementor-top-column elementor-element elementor-element-576fe55\" data-id=\"576fe55\" data-element_type=\"column\" data-e-type=\"column\">\n\t\t\t<div class=\"elementor-widget-wrap elementor-element-populated\">\n\t\t\t\t\t\t<div class=\"elementor-element elementor-element-0f84bbd de_scroll_animation_no elementor-widget elementor-widget-heading\" data-id=\"0f84bbd\" data-element_type=\"widget\" data-e-type=\"widget\" data-widget_type=\"heading.default\">\n\t\t\t\t\t<h2 class=\"elementor-heading-title elementor-size-default\">Mon espace IMS<\/h2>\t\t\t\t<\/div>\n\t\t\t\t<div class=\"elementor-element elementor-element-f4521c4 de_scroll_animation_no elementor-widget elementor-widget-toggle\" data-id=\"f4521c4\" data-element_type=\"widget\" data-e-type=\"widget\" data-widget_type=\"toggle.default\">\n\t\t\t\t\t\t\t<div class=\"elementor-toggle\">\n\t\t\t\t\t\t\t<div class=\"elementor-toggle-item\">\n\t\t\t\t\t<div id=\"elementor-tab-title-2561\" class=\"elementor-tab-title\" data-tab=\"1\" role=\"button\" aria-controls=\"elementor-tab-content-2561\" aria-expanded=\"false\">\n\t\t\t\t\t\t\t\t\t\t\t\t<span class=\"elementor-toggle-icon elementor-toggle-icon-left\" aria-hidden=\"true\">\n\t\t\t\t\t\t\t\t\t\t\t\t\t\t\t<span class=\"elementor-toggle-icon-closed\"><svg class=\"e-font-icon-svg e-fas-caret-right\" viewbox=\"0 0 192 512\" xmlns=\"http:\/\/www.w3.org\/2000\/svg\"><path d=\"M0 384.662V127.338c0-17.818 21.543-26.741 34.142-14.142l128.662 128.662c7.81 7.81 7.81 20.474 0 28.284L34.142 398.804C21.543 411.404 0 402.48 0 384.662z\"><\/path><\/svg><\/span>\n\t\t\t\t\t\t\t\t<span class=\"elementor-toggle-icon-opened\"><svg class=\"elementor-toggle-icon-opened e-font-icon-svg e-fas-caret-up\" viewbox=\"0 0 320 512\" xmlns=\"http:\/\/www.w3.org\/2000\/svg\"><path d=\"M288.662 352H31.338c-17.818 0-26.741-21.543-14.142-34.142l128.662-128.662c7.81-7.81 20.474-7.81 28.284 0l128.662 128.662c12.6 12.599 3.676 34.142-14.142 34.142z\"><\/path><\/svg><\/span>\n\t\t\t\t\t\t\t\t\t\t\t\t\t<\/span>\n\t\t\t\t\t\t\t\t\t\t\t\t<a class=\"elementor-toggle-title\" tabindex=\"0\">OPTION 1<\/a>\n\t\t\t\t\t<\/div>\n\n\t\t\t\t\t<div id=\"elementor-tab-content-2561\" class=\"elementor-tab-content elementor-clearfix\" data-tab=\"1\" role=\"region\" aria-labelledby=\"elementor-tab-title-2561\"><p>Merci de rentrer\u00a0<b>votre identifiant<\/b>\u00a0et\u00a0<b>votre mot de passe<\/b>\u00a0qui vous ont \u00e9t\u00e9\u00a0<u>remis lors de votre passage aupr\u00e8s de notre secr\u00e9taire. V<\/u>os r\u00e9sultats sont disponibles pendant 180 jours. Vous pouvez partager ces codes avec votre m\u00e9decin. Nous vous invitons \u00e0 t\u00e9l\u00e9charger et\/ou imprimer vos r\u00e9sultats.<\/p><\/div>\n\t\t\t\t<\/div>\n\t\t\t\t\t\t\t<div class=\"elementor-toggle-item\">\n\t\t\t\t\t<div id=\"elementor-tab-title-2562\" class=\"elementor-tab-title\" data-tab=\"2\" role=\"button\" aria-controls=\"elementor-tab-content-2562\" aria-expanded=\"false\">\n\t\t\t\t\t\t\t\t\t\t\t\t<span class=\"elementor-toggle-icon elementor-toggle-icon-left\" aria-hidden=\"true\">\n\t\t\t\t\t\t\t\t\t\t\t\t\t\t\t<span class=\"elementor-toggle-icon-closed\"><svg class=\"e-font-icon-svg e-fas-caret-right\" viewbox=\"0 0 192 512\" xmlns=\"http:\/\/www.w3.org\/2000\/svg\"><path d=\"M0 384.662V127.338c0-17.818 21.543-26.741 34.142-14.142l128.662 128.662c7.81 7.81 7.81 20.474 0 28.284L34.142 398.804C21.543 411.404 0 402.48 0 384.662z\"><\/path><\/svg><\/span>\n\t\t\t\t\t\t\t\t<span class=\"elementor-toggle-icon-opened\"><svg class=\"elementor-toggle-icon-opened e-font-icon-svg e-fas-caret-up\" viewbox=\"0 0 320 512\" xmlns=\"http:\/\/www.w3.org\/2000\/svg\"><path d=\"M288.662 352H31.338c-17.818 0-26.741-21.543-14.142-34.142l128.662-128.662c7.81-7.81 20.474-7.81 28.284 0l128.662 128.662c12.6 12.599 3.676 34.142-14.142 34.142z\"><\/path><\/svg><\/span>\n\t\t\t\t\t\t\t\t\t\t\t\t\t<\/span>\n\t\t\t\t\t\t\t\t\t\t\t\t<a class=\"elementor-toggle-title\" tabindex=\"0\">OPTION 2<\/a>\n\t\t\t\t\t<\/div>\n\n\t\t\t\t\t<div id=\"elementor-tab-content-2562\" class=\"elementor-tab-content elementor-clearfix\" data-tab=\"2\" role=\"region\" aria-labelledby=\"elementor-tab-title-2562\"><div class=\"x_elementToProof\" data-olk-copy-source=\"MessageBody\">Nous vous conseillons de\u00a0<b>cr\u00e9er votre compte<\/b>\u00a0sur ce m\u00eame \u00ab\u00a0mon espace ims\u00a0\u00bb afin d&rsquo;acc\u00e9der \u00e0 l&rsquo;ensemble de vos comptes-rendus de fa\u00e7on permanente en cliquant directement sur cr\u00e9er un compte.<\/div><div class=\"x_elementToProof\">\u00a0<\/div><\/div>\n\t\t\t\t<\/div>\n\t\t\t\t\t\t\t\t<\/div>\n\t\t\t\t\t\t<\/div>\n\t\t\t\t<div class=\"elementor-element elementor-element-944a638 de_scroll_animation_no elementor-widget elementor-widget-text-editor\" data-id=\"944a638\" data-element_type=\"widget\" data-e-type=\"widget\" data-widget_type=\"text-editor.default\">\n\t\t\t\t\t\t\t\t\t<div style=\"text-align: left;\">Merci de bien vouloir cliquer sur le bouton <b>CMC RADIO<\/b>\u00a0<span style=\"color: var( --e-global-color-text ); font-family: var( --e-global-typography-text-font-family ), Sans-serif; font-size: var( --e-global-typography-text-font-size ); font-weight: var( --e-global-typography-text-font-weight );\">ci-dessous\u00a0<\/span><span style=\"color: var( --e-global-color-text ); font-family: var( --e-global-typography-text-font-family ), Sans-serif; font-size: var( --e-global-typography-text-font-size ); font-weight: var( --e-global-typography-text-font-weight );\">correspondant \u00e0 votre besoin :\u00a0<\/span><\/div>\t\t\t\t\t\t\t\t<\/div>\n\t\t\t\t<div class=\"elementor-element elementor-element-62f6f5b de_scroll_animation_no elementor-widget elementor-widget-spacer\" data-id=\"62f6f5b\" data-element_type=\"widget\" data-e-type=\"widget\" data-widget_type=\"spacer.default\">\n\t\t\t\t\t\t\t<div class=\"elementor-spacer\">\n\t\t\t<div class=\"elementor-spacer-inner\"><\/div>\n\t\t<\/div>\n\t\t\t\t\t\t<\/div>\n\t\t\t\t<div class=\"elementor-element elementor-element-f80022a elementor-view-default de_scroll_animation_no elementor-widget elementor-widget-icon\" data-id=\"f80022a\" data-element_type=\"widget\" data-e-type=\"widget\" data-widget_type=\"icon.default\">\n\t\t\t\t\t\t\t<div class=\"elementor-icon-wrapper\">\n\t\t\t<div class=\"elementor-icon\">\n\t\t\t<i aria-hidden=\"true\" class=\"icon icon-arrow-down-circle\"><\/i>\t\t\t<\/div>\n\t\t<\/div>\n\t\t\t\t\t\t<\/div>\n\t\t\t\t\t<\/div>\n\t\t<\/div>\n\t\t\t\t\t<\/div>\n\t\t<\/section>\n\t\t\t\t<section class=\"elementor-section elementor-top-section elementor-element elementor-element-42aa983 elementor-section-boxed elementor-section-height-default elementor-section-height-default\" data-id=\"42aa983\" data-element_type=\"section\" data-e-type=\"section\">\n\t\t\t\t\t\t<div class=\"elementor-container elementor-column-gap-default\">\n\t\t\t\t\t<div class=\"elementor-column elementor-col-50 elementor-top-column elementor-element elementor-element-87b2b4e\" data-id=\"87b2b4e\" data-element_type=\"column\" data-e-type=\"column\">\n\t\t\t<div class=\"elementor-widget-wrap elementor-element-populated\">\n\t\t\t\t\t\t<div class=\"elementor-element elementor-element-30be0a7 de_scroll_animation_no elementor-widget elementor-widget-image\" data-id=\"30be0a7\" data-element_type=\"widget\" data-e-type=\"widget\" data-widget_type=\"image.default\">\n\t\t\t\t\t\t\t\t\t\t\t\t\t\t\t\t<a href=\"https:\/\/tho1.xplore.fr\/xaportaildiffusionmobile_tho1\" target=\"_blank\" rel=\"noopener\">\n\t\t\t\t\t\t\t<img fetchpriority=\"high\" decoding=\"async\" width=\"458\" height=\"477\" src=\"https:\/\/cmcradio.fr\/wp-content\/uploads\/2023\/12\/cmcradio1.jpg\" class=\"attachment-large size-large wp-image-2139\" alt=\"cmcradio\" srcset=\"https:\/\/cmcradio.fr\/wp-content\/uploads\/2023\/12\/cmcradio1.jpg.webp 458w, https:\/\/cmcradio.fr\/wp-content\/uploads\/2023\/12\/cmcradio1-288x300.jpg.webp 288w, https:\/\/cmcradio.fr\/wp-content\/uploads\/2023\/12\/cmcradio1-12x12.jpg.webp 12w\" sizes=\"(max-width: 458px) 100vw, 458px\" \/>\t\t\t\t\t\t\t\t<\/a>\n\t\t\t\t\t\t\t\t\t\t\t\t\t\t\t<\/div>\n\t\t\t\t\t<\/div>\n\t\t<\/div>\n\t\t\t\t<div class=\"elementor-column elementor-col-50 elementor-top-column elementor-element elementor-element-3072f5a\" data-id=\"3072f5a\" data-element_type=\"column\" data-e-type=\"column\">\n\t\t\t<div class=\"elementor-widget-wrap elementor-element-populated\">\n\t\t\t\t\t\t<div class=\"elementor-element elementor-element-3e1179c de_scroll_animation_no elementor-widget elementor-widget-image\" data-id=\"3e1179c\" data-element_type=\"widget\" data-e-type=\"widget\" data-widget_type=\"image.default\">\n\t\t\t\t\t\t\t\t\t\t\t\t\t\t\t\t<a href=\"https:\/\/tho1.xplore.fr\/xaportaildiffusionmobile_tho2\" target=\"_blank\" rel=\"noopener\">\n\t\t\t\t\t\t\t<img decoding=\"async\" width=\"800\" height=\"825\" src=\"https:\/\/cmcradio.fr\/wp-content\/uploads\/2023\/12\/image.png\" class=\"attachment-large size-large wp-image-2140\" alt=\"CMC Radio 2\" srcset=\"https:\/\/cmcradio.fr\/wp-content\/uploads\/2023\/12\/image.png.webp 914w, https:\/\/cmcradio.fr\/wp-content\/uploads\/2023\/12\/image-291x300.png.webp 291w, https:\/\/cmcradio.fr\/wp-content\/uploads\/2023\/12\/image-768x792.png.webp 768w, https:\/\/cmcradio.fr\/wp-content\/uploads\/2023\/12\/image-12x12.png.webp 12w\" sizes=\"(max-width: 800px) 100vw, 800px\" \/>\t\t\t\t\t\t\t\t<\/a>\n\t\t\t\t\t\t\t\t\t\t\t\t\t\t\t<\/div>\n\t\t\t\t\t<\/div>\n\t\t<\/div>\n\t\t\t\t\t<\/div>\n\t\t<\/section>\n\t\t\t\t<section class=\"elementor-section elementor-top-section elementor-element elementor-element-3aaca3c elementor-section-boxed elementor-section-height-default elementor-section-height-default\" data-id=\"3aaca3c\" data-element_type=\"section\" data-e-type=\"section\">\n\t\t\t\t\t\t<div class=\"elementor-container elementor-column-gap-default\">\n\t\t\t\t\t<div class=\"elementor-column elementor-col-100 elementor-top-column elementor-element elementor-element-291c7c2\" data-id=\"291c7c2\" data-element_type=\"column\" data-e-type=\"column\">\n\t\t\t<div class=\"elementor-widget-wrap elementor-element-populated\">\n\t\t\t\t\t\t<div class=\"elementor-element elementor-element-da7ec3f de_scroll_animation_no elementor-widget elementor-widget-spacer\" data-id=\"da7ec3f\" data-element_type=\"widget\" data-e-type=\"widget\" data-widget_type=\"spacer.default\">\n\t\t\t\t\t\t\t<div class=\"elementor-spacer\">\n\t\t\t<div class=\"elementor-spacer-inner\"><\/div>\n\t\t<\/div>\n\t\t\t\t\t\t<\/div>\n\t\t\t\t\t<\/div>\n\t\t<\/div>\n\t\t\t\t\t<\/div>\n\t\t<\/section>\n\t\t\t\t<\/div>","protected":false},"excerpt":{"rendered":"<p>Mon espace IMS Accueil&gt;Mon espace IMS Mon espace IMS OPTION 1 Merci de rentrer\u00a0votre identifiant\u00a0et\u00a0votre mot de passe\u00a0qui vous ont \u00e9t\u00e9\u00a0remis lors de votre passage aupr\u00e8s de notre secr\u00e9taire. Vos r\u00e9sultats sont disponibles pendant 180 jours. Vous pouvez partager ces codes avec votre m\u00e9decin. Nous vous invitons \u00e0 t\u00e9l\u00e9charger et\/ou imprimer vos r\u00e9sultats. OPTION 2 [&hellip;]<\/p>\n","protected":false},"author":1,"featured_media":0,"parent":0,"menu_order":0,"comment_status":"closed","ping_status":"closed","template":"elementor_header_footer","meta":{"footnotes":""},"class_list":["post-2135","page","type-page","status-publish","hentry"],"_links":{"self":[{"href":"https:\/\/cmcradio.fr\/en\/wp-json\/wp\/v2\/pages\/2135","targetHints":{"allow":["GET"]}}],"collection":[{"href":"https:\/\/cmcradio.fr\/en\/wp-json\/wp\/v2\/pages"}],"about":[{"href":"https:\/\/cmcradio.fr\/en\/wp-json\/wp\/v2\/types\/page"}],"author":[{"embeddable":true,"href":"https:\/\/cmcradio.fr\/en\/wp-json\/wp\/v2\/users\/1"}],"replies":[{"embeddable":true,"href":"https:\/\/cmcradio.fr\/en\/wp-json\/wp\/v2\/comments?post=2135"}],"version-history":[{"count":6,"href":"https:\/\/cmcradio.fr\/en\/wp-json\/wp\/v2\/pages\/2135\/revisions"}],"predecessor-version":[{"id":2732,"href":"https:\/\/cmcradio.fr\/en\/wp-json\/wp\/v2\/pages\/2135\/revisions\/2732"}],"wp:attachment":[{"href":"https:\/\/cmcradio.fr\/en\/wp-json\/wp\/v2\/media?parent=2135"}],"curies":[{"name":"wp","href":"https:\/\/api.w.org\/{rel}","templated":true}]}}