{"id":64,"date":"2022-04-18T10:45:53","date_gmt":"2022-04-18T10:45:53","guid":{"rendered":"https:\/\/cmcradio.fr\/?page_id=64"},"modified":"2026-01-24T09:57:57","modified_gmt":"2026-01-24T09:57:57","slug":"contact","status":"publish","type":"page","link":"https:\/\/cmcradio.fr\/en\/contact\/","title":{"rendered":"Contact"},"content":{"rendered":"<style>.elementor-64 .elementor-element.elementor-element-6df6b33 > .elementor-container{min-height:400px;}.elementor-64 .elementor-element.elementor-element-6df6b33 > .elementor-container > .elementor-column > .elementor-widget-wrap{align-content:center;align-items:center;}.elementor-64 .elementor-element.elementor-element-6df6b33:not(.elementor-motion-effects-element-type-background), .elementor-64 .elementor-element.elementor-element-6df6b33 > .elementor-motion-effects-container > .elementor-motion-effects-layer{background-image:url(\"https:\/\/cmcradio.fr\/wp-content\/uploads\/2022\/10\/CMC-33-copie-scaled.jpg\");background-position:center center;background-repeat:no-repeat;background-size:cover;}.elementor-64 .elementor-element.elementor-element-6df6b33 > .elementor-background-overlay{background-color:#EDEDED;opacity:0.4;transition:background 0.3s, border-radius 0.3s, opacity 0.3s;}.elementor-64 .elementor-element.elementor-element-6df6b33{transition:all 400ms;}.elementor-64 .elementor-element.elementor-element-16faa50{transition:all 400ms;}.elementor-64 .elementor-element.elementor-element-61dbdc3{text-align:center;margin:0px 0px calc(var(--kit-widget-spacing, 0px) + -10px) 0px;transition:all 400ms;}.elementor-64 .elementor-element.elementor-element-61dbdc3 .elementor-heading-title{font-family:var( --e-global-typography-b4d0be4-font-family ), Sans-serif;font-size:var( --e-global-typography-b4d0be4-font-size );font-weight:var( --e-global-typography-b4d0be4-font-weight );text-transform:var( --e-global-typography-b4d0be4-text-transform );line-height:var( --e-global-typography-b4d0be4-line-height );letter-spacing:var( --e-global-typography-b4d0be4-letter-spacing );word-spacing:var( --e-global-typography-b4d0be4-word-spacing );color:#000000;}.elementor-64 .elementor-element.elementor-element-79be921 .jeg-elementor-kit.jkit-heading{text-align:center;}.elementor-64 .elementor-element.elementor-element-79be921 .jeg-elementor-kit.jkit-heading .heading-title{font-family:var( --e-global-typography-7dd03b0-font-family ), Sans-serif;font-size:var( --e-global-typography-7dd03b0-font-size );font-weight:var( --e-global-typography-7dd03b0-font-weight );line-height:var( --e-global-typography-7dd03b0-line-height );letter-spacing:var( --e-global-typography-7dd03b0-letter-spacing );word-spacing:var( --e-global-typography-7dd03b0-word-spacing );color:#000000;}.elementor-64 .elementor-element.elementor-element-79be921 .jeg-elementor-kit.jkit-heading .heading-section-title{margin:0px 0px 0px 0px;}.elementor-64 .elementor-element.elementor-element-79be921 .jeg-elementor-kit.jkit-heading .heading-section-title .heading-title{padding:0px 0px 0px 0px;border-radius:0px 0px 0px 0px;}.elementor-64 .elementor-element.elementor-element-79be921 .jeg-elementor-kit.jkit-heading .heading-title > span{color:var( --e-global-color-primary );font-family:var( --e-global-typography-7dd03b0-font-family ), Sans-serif;font-size:var( --e-global-typography-7dd03b0-font-size );font-weight:var( --e-global-typography-7dd03b0-font-weight );line-height:var( --e-global-typography-7dd03b0-line-height );letter-spacing:var( --e-global-typography-7dd03b0-letter-spacing );word-spacing:var( --e-global-typography-7dd03b0-word-spacing );padding:0px 10px 0px 10px;}.elementor-64 .elementor-element.elementor-element-79be921{transition:all 400ms;}.elementor-64 .elementor-element.elementor-element-06c36d9 > .elementor-container{max-width:1280px;}.elementor-64 .elementor-element.elementor-element-06c36d9{margin-top:90px;margin-bottom:90px;transition:all 400ms;}.elementor-64 .elementor-element.elementor-element-1f05586{transition:all 400ms;}.elementor-64 .elementor-element.elementor-element-55b9ed7{text-align:center;transition:all 400ms;--e-transform-scale:1;}.elementor-64 .elementor-element.elementor-element-55b9ed7 .elementor-heading-title{font-size:22px;font-weight:400;line-height:32px;-webkit-text-stroke-width:0px;stroke-width:0px;-webkit-text-stroke-color:#000;stroke:#000;}.elementor-64 .elementor-element.elementor-element-c8450ae > .elementor-container{max-width:1280px;}.elementor-64 .elementor-element.elementor-element-c8450ae{transition:all 400ms;}.elementor-64 .elementor-element.elementor-element-9331397 > .elementor-element-populated{box-shadow:0px 0px 10px 0px rgba(138.75000000000003, 138.75000000000003, 138.75000000000003, 0.5);margin:10px 10px 10px 10px;--e-column-margin-right:10px;--e-column-margin-left:10px;padding:30px 30px 30px 30px;}.elementor-64 .elementor-element.elementor-element-9331397{transition:all 400ms;}.elementor-64 .elementor-element.elementor-element-6dc1020 .elementor-heading-title{font-size:20px;font-weight:500;line-height:27px;}.elementor-64 .elementor-element.elementor-element-6dc1020{transition:all 400ms;}.elementor-64 .elementor-element.elementor-element-54c3797{transition:all 400ms;}.elementor-64 .elementor-element.elementor-element-0c212ac{transition:all 400ms;}.elementor-64 .elementor-element.elementor-element-9c151c7 > .elementor-element-populated{box-shadow:0px 0px 10px 0px rgba(138.75000000000003, 138.75000000000003, 138.75000000000003, 0.5);margin:10px 10px 10px 10px;--e-column-margin-right:10px;--e-column-margin-left:10px;padding:30px 30px 30px 30px;}.elementor-64 .elementor-element.elementor-element-9c151c7{transition:all 400ms;}.elementor-64 .elementor-element.elementor-element-5b5c8f4 .elementor-heading-title{font-size:20px;font-weight:500;line-height:27px;}.elementor-64 .elementor-element.elementor-element-5b5c8f4{transition:all 400ms;}.elementor-64 .elementor-element.elementor-element-1ea2a6f{transition:all 400ms;}.elementor-64 .elementor-element.elementor-element-fa38d03 > .elementor-element-populated{box-shadow:0px 0px 10px 0px rgba(138.75000000000003, 138.75000000000003, 138.75000000000003, 0.5);margin:10px 10px 10px 10px;--e-column-margin-right:10px;--e-column-margin-left:10px;padding:30px 30px 30px 30px;}.elementor-64 .elementor-element.elementor-element-fa38d03{transition:all 400ms;}.elementor-64 .elementor-element.elementor-element-499b875 .elementor-heading-title{font-size:20px;font-weight:500;line-height:27px;}.elementor-64 .elementor-element.elementor-element-499b875{transition:all 400ms;}.elementor-64 .elementor-element.elementor-element-47eedcf{transition:all 400ms;}.elementor-64 .elementor-element.elementor-element-8eced8a > .elementor-container{max-width:1280px;}.elementor-64 .elementor-element.elementor-element-8eced8a{margin-top:90px;margin-bottom:90px;transition:all 400ms;}.elementor-64 .elementor-element.elementor-element-68e269c{transition:all 400ms;}.elementor-64 .elementor-element.elementor-element-96fb62e > .elementor-container{max-width:1280px;}.elementor-64 .elementor-element.elementor-element-96fb62e{transition:all 400ms;}.elementor-64 .elementor-element.elementor-element-f60fac1 > .elementor-element-populated{box-shadow:0px 0px 10px 0px rgba(138.75000000000003, 138.75000000000003, 138.75000000000003, 0.5);margin:10px 10px 10px 10px;--e-column-margin-right:10px;--e-column-margin-left:10px;padding:30px 10px 30px 10px;}.elementor-64 .elementor-element.elementor-element-f60fac1{transition:all 400ms;}.elementor-64 .elementor-element.elementor-element-7aa99e3 .elementor-heading-title{font-size:20px;}.elementor-64 .elementor-element.elementor-element-7aa99e3{transition:all 400ms;}.elementor-64 .elementor-element.elementor-element-376a32f .elementor-icon-list-items:not(.elementor-inline-items) .elementor-icon-list-item:not(:last-child){padding-block-end:calc(12px\/2);}.elementor-64 .elementor-element.elementor-element-376a32f .elementor-icon-list-items:not(.elementor-inline-items) .elementor-icon-list-item:not(:first-child){margin-block-start:calc(12px\/2);}.elementor-64 .elementor-element.elementor-element-376a32f .elementor-icon-list-items.elementor-inline-items .elementor-icon-list-item{margin-inline:calc(12px\/2);}.elementor-64 .elementor-element.elementor-element-376a32f .elementor-icon-list-items.elementor-inline-items{margin-inline:calc(-12px\/2);}.elementor-64 .elementor-element.elementor-element-376a32f .elementor-icon-list-items.elementor-inline-items .elementor-icon-list-item:after{inset-inline-end:calc(-12px\/2);}.elementor-64 .elementor-element.elementor-element-376a32f .elementor-icon-list-icon i{color:var( --e-global-color-primary );transition:color 0.3s;}.elementor-64 .elementor-element.elementor-element-376a32f .elementor-icon-list-icon svg{fill:var( --e-global-color-primary );transition:fill 0.3s;}.elementor-64 .elementor-element.elementor-element-376a32f{--e-icon-list-icon-size:16px;--icon-vertical-offset:0px;transition:all 400ms;}.elementor-64 .elementor-element.elementor-element-376a32f .elementor-icon-list-icon{padding-inline-end:10px;}.elementor-64 .elementor-element.elementor-element-376a32f .elementor-icon-list-item > .elementor-icon-list-text, .elementor-64 .elementor-element.elementor-element-376a32f .elementor-icon-list-item > a{font-family:var( --e-global-typography-text-font-family ), Sans-serif;font-size:var( --e-global-typography-text-font-size );font-weight:var( --e-global-typography-text-font-weight );}.elementor-64 .elementor-element.elementor-element-376a32f .elementor-icon-list-text{color:var( --e-global-color-text );transition:color 0.3s;}.elementor-64 .elementor-element.elementor-element-261ac68{transition:all 400ms;}@media(max-width:1024px){.elementor-64 .elementor-element.elementor-element-6df6b33 > .elementor-container{min-height:350px;}.elementor-64 .elementor-element.elementor-element-61dbdc3 .elementor-heading-title{font-size:var( --e-global-typography-b4d0be4-font-size );line-height:var( --e-global-typography-b4d0be4-line-height );letter-spacing:var( --e-global-typography-b4d0be4-letter-spacing );word-spacing:var( --e-global-typography-b4d0be4-word-spacing );}.elementor-64 .elementor-element.elementor-element-79be921 .jeg-elementor-kit.jkit-heading .heading-title{font-size:var( --e-global-typography-7dd03b0-font-size );line-height:var( --e-global-typography-7dd03b0-line-height );letter-spacing:var( --e-global-typography-7dd03b0-letter-spacing );word-spacing:var( --e-global-typography-7dd03b0-word-spacing );}.elementor-64 .elementor-element.elementor-element-79be921 .jeg-elementor-kit.jkit-heading .heading-title > span{font-size:var( --e-global-typography-7dd03b0-font-size );line-height:var( --e-global-typography-7dd03b0-line-height );letter-spacing:var( --e-global-typography-7dd03b0-letter-spacing );word-spacing:var( --e-global-typography-7dd03b0-word-spacing );}.elementor-64 .elementor-element.elementor-element-376a32f .elementor-icon-list-item > .elementor-icon-list-text, .elementor-64 .elementor-element.elementor-element-376a32f .elementor-icon-list-item > a{font-size:var( --e-global-typography-text-font-size );}}@media(max-width:767px){.elementor-64 .elementor-element.elementor-element-6df6b33 > .elementor-container{min-height:300px;}.elementor-64 .elementor-element.elementor-element-6df6b33:not(.elementor-motion-effects-element-type-background), .elementor-64 .elementor-element.elementor-element-6df6b33 > .elementor-motion-effects-container > .elementor-motion-effects-layer{background-position:80% 0px;}.elementor-64 .elementor-element.elementor-element-61dbdc3 .elementor-heading-title{font-size:var( --e-global-typography-b4d0be4-font-size );line-height:var( --e-global-typography-b4d0be4-line-height );letter-spacing:var( --e-global-typography-b4d0be4-letter-spacing );word-spacing:var( --e-global-typography-b4d0be4-word-spacing );}.elementor-64 .elementor-element.elementor-element-79be921 .jeg-elementor-kit.jkit-heading{text-align:center;}.elementor-64 .elementor-element.elementor-element-79be921 .jeg-elementor-kit.jkit-heading .heading-title{font-size:var( --e-global-typography-7dd03b0-font-size );line-height:var( --e-global-typography-7dd03b0-line-height );letter-spacing:var( --e-global-typography-7dd03b0-letter-spacing );word-spacing:var( --e-global-typography-7dd03b0-word-spacing );}.elementor-64 .elementor-element.elementor-element-79be921 .jeg-elementor-kit.jkit-heading .heading-title > span{font-size:var( --e-global-typography-7dd03b0-font-size );line-height:var( --e-global-typography-7dd03b0-line-height );letter-spacing:var( --e-global-typography-7dd03b0-letter-spacing );word-spacing:var( --e-global-typography-7dd03b0-word-spacing );}.elementor-64 .elementor-element.elementor-element-376a32f .elementor-icon-list-item > .elementor-icon-list-text, .elementor-64 .elementor-element.elementor-element-376a32f .elementor-icon-list-item > a{font-size:var( --e-global-typography-text-font-size );}}<\/style>\t\t<div data-elementor-type=\"wp-page\" data-elementor-id=\"64\" class=\"elementor elementor-64\" data-elementor-post-type=\"page\">\n\t\t\t\t\t\t<section class=\"elementor-section elementor-top-section elementor-element elementor-element-6df6b33 elementor-section-height-min-height elementor-section-content-middle elementor-section-boxed elementor-section-height-default elementor-section-items-middle\" data-id=\"6df6b33\" data-element_type=\"section\" data-e-type=\"section\" data-settings=\"{&quot;background_background&quot;:&quot;classic&quot;}\">\n\t\t\t\t\t\t\t<div class=\"elementor-background-overlay\"><\/div>\n\t\t\t\t\t\t\t<div class=\"elementor-container elementor-column-gap-default\">\n\t\t\t\t\t<div class=\"elementor-column elementor-col-100 elementor-top-column elementor-element elementor-element-16faa50\" data-id=\"16faa50\" data-element_type=\"column\" data-e-type=\"column\">\n\t\t\t<div class=\"elementor-widget-wrap elementor-element-populated\">\n\t\t\t\t\t\t<div class=\"elementor-element elementor-element-61dbdc3 de_scroll_animation_no elementor-invisible elementor-widget elementor-widget-heading\" data-id=\"61dbdc3\" data-element_type=\"widget\" data-e-type=\"widget\" data-settings=\"{&quot;_animation&quot;:&quot;fadeInUp&quot;}\" data-widget_type=\"heading.default\">\n\t\t\t\t\t<h2 class=\"elementor-heading-title elementor-size-default\">Contact<\/h2>\t\t\t\t<\/div>\n\t\t\t\t<div class=\"elementor-element elementor-element-79be921 de_scroll_animation_no elementor-widget elementor-widget-jkit_heading\" data-id=\"79be921\" data-element_type=\"widget\" data-e-type=\"widget\" data-widget_type=\"jkit_heading.default\">\n\t\t\t\t\t<div  class=\"jeg-elementor-kit jkit-heading  align-center align-tablet- align-mobile-center jeg_module___69e5038fad80c\" ><div class=\"heading-section-title  display-inline-block\"><h2 class=\"heading-title\">Home<span class=\"style-color\"><span>&gt;<\/span><\/span>Contact<\/h2><\/div><\/div>\t\t\t\t<\/div>\n\t\t\t\t\t<\/div>\n\t\t<\/div>\n\t\t\t\t\t<\/div>\n\t\t<\/section>\n\t\t\t\t<section class=\"elementor-section elementor-top-section elementor-element elementor-element-06c36d9 elementor-section-boxed elementor-section-height-default elementor-section-height-default\" data-id=\"06c36d9\" data-element_type=\"section\" data-e-type=\"section\">\n\t\t\t\t\t\t<div class=\"elementor-container elementor-column-gap-default\">\n\t\t\t\t\t<div class=\"elementor-column elementor-col-100 elementor-top-column elementor-element elementor-element-1f05586\" data-id=\"1f05586\" data-element_type=\"column\" data-e-type=\"column\">\n\t\t\t<div class=\"elementor-widget-wrap elementor-element-populated\">\n\t\t\t\t\t\t<div class=\"elementor-element elementor-element-55b9ed7 e-transform de_scroll_animation_no elementor-widget elementor-widget-heading\" data-id=\"55b9ed7\" data-element_type=\"widget\" data-e-type=\"widget\" data-settings=\"{&quot;_transform_scale_effect&quot;:{&quot;unit&quot;:&quot;px&quot;,&quot;size&quot;:1,&quot;sizes&quot;:[]},&quot;_transform_scale_effect_tablet&quot;:{&quot;unit&quot;:&quot;px&quot;,&quot;size&quot;:&quot;&quot;,&quot;sizes&quot;:[]},&quot;_transform_scale_effect_mobile&quot;:{&quot;unit&quot;:&quot;px&quot;,&quot;size&quot;:&quot;&quot;,&quot;sizes&quot;:[]}}\" data-widget_type=\"heading.default\">\n\t\t\t\t\t<h2 class=\"elementor-heading-title elementor-size-default\">So that you can contact us quickly,\nwe provide you with dedicated direct telephone lines \n<\/h2>\t\t\t\t<\/div>\n\t\t\t\t<section class=\"elementor-section elementor-inner-section elementor-element elementor-element-c8450ae elementor-section-boxed elementor-section-height-default elementor-section-height-default\" data-id=\"c8450ae\" data-element_type=\"section\" data-e-type=\"section\">\n\t\t\t\t\t\t<div class=\"elementor-container elementor-column-gap-default\">\n\t\t\t\t\t<div class=\"elementor-column elementor-col-33 elementor-inner-column elementor-element elementor-element-9331397\" data-id=\"9331397\" data-element_type=\"column\" data-e-type=\"column\">\n\t\t\t<div class=\"elementor-widget-wrap elementor-element-populated\">\n\t\t\t\t\t\t<div class=\"elementor-element elementor-element-6dc1020 de_scroll_animation_no elementor-widget elementor-widget-heading\" data-id=\"6dc1020\" data-element_type=\"widget\" data-e-type=\"widget\" data-widget_type=\"heading.default\">\n\t\t\t\t\t<h2 class=\"elementor-heading-title elementor-size-default\">To request an imaging appointment <\/h2>\t\t\t\t<\/div>\n\t\t\t\t<div class=\"elementor-element elementor-element-54c3797 de_scroll_animation_no elementor-widget elementor-widget-text-editor\" data-id=\"54c3797\" data-element_type=\"widget\" data-e-type=\"widget\" data-widget_type=\"text-editor.default\">\n\t\t\t\t\t\t\t\t\t<p>Conventional and interventional radiology<br \/>Ultrasound \u2013 Cone Beam \u2013 Scanner \u2013 MRI<br \/>Microdose Digital Mammography<br \/>Breast Interventional\nScanner \u2013 MRI<br \/>Bone densitometry<\/p>\t\t\t\t\t\t\t\t<\/div>\n\t\t\t\t<div class=\"elementor-element elementor-element-0c212ac de_scroll_animation_no elementor-widget elementor-widget-text-editor\" data-id=\"0c212ac\" data-element_type=\"widget\" data-e-type=\"widget\" data-widget_type=\"text-editor.default\">\n\t\t\t\t\t\t\t\t\t<p><a href=\"tel:04.57.62.84.74\"><strong>04.57.62.84.74<\/strong><\/a><br \/>Open Monday to Friday from 8 a.m. to 7 p.m.<br \/>Saturday from 9 a.m. to 1 p.m.<\/p>\t\t\t\t\t\t\t\t<\/div>\n\t\t\t\t\t<\/div>\n\t\t<\/div>\n\t\t\t\t<div class=\"elementor-column elementor-col-33 elementor-inner-column elementor-element elementor-element-9c151c7\" data-id=\"9c151c7\" data-element_type=\"column\" data-e-type=\"column\">\n\t\t\t<div class=\"elementor-widget-wrap elementor-element-populated\">\n\t\t\t\t\t\t<div class=\"elementor-element elementor-element-5b5c8f4 de_scroll_animation_no elementor-widget elementor-widget-heading\" data-id=\"5b5c8f4\" data-element_type=\"widget\" data-e-type=\"widget\" data-widget_type=\"heading.default\">\n\t\t\t\t\t<h2 class=\"elementor-heading-title elementor-size-default\">To modify or cancel an appointment,\na request for information about your report or images\n<\/h2>\t\t\t\t<\/div>\n\t\t\t\t<div class=\"elementor-element elementor-element-1ea2a6f de_scroll_animation_no elementor-widget elementor-widget-text-editor\" data-id=\"1ea2a6f\" data-element_type=\"widget\" data-e-type=\"widget\" data-widget_type=\"text-editor.default\">\n\t\t\t\t\t\t\t\t\t<p><a href=\"tel:04.57.62.84.74\"><strong>04.57.62.84.74<\/strong><\/a><br \/>Open Monday to Friday from 8 a.m. to 7 p.m.<br \/>Saturday from 9 a.m. to 1 p.m.<\/p>\t\t\t\t\t\t\t\t<\/div>\n\t\t\t\t\t<\/div>\n\t\t<\/div>\n\t\t\t\t<div class=\"elementor-column elementor-col-33 elementor-inner-column elementor-element elementor-element-fa38d03\" data-id=\"fa38d03\" data-element_type=\"column\" data-e-type=\"column\">\n\t\t\t<div class=\"elementor-widget-wrap elementor-element-populated\">\n\t\t\t\t\t\t<div class=\"elementor-element elementor-element-499b875 de_scroll_animation_no elementor-widget elementor-widget-heading\" data-id=\"499b875\" data-element_type=\"widget\" data-e-type=\"widget\" data-widget_type=\"heading.default\">\n\t\t\t\t\t<h2 class=\"elementor-heading-title elementor-size-default\">For an appointment request with Dr Carr\u00e9<\/h2>\t\t\t\t<\/div>\n\t\t\t\t<div class=\"elementor-element elementor-element-47eedcf de_scroll_animation_no elementor-widget elementor-widget-text-editor\" data-id=\"47eedcf\" data-element_type=\"widget\" data-e-type=\"widget\" data-widget_type=\"text-editor.default\">\n\t\t\t\t\t\t\t\t\t<p>Pour une demande de rendez-vous d\u2019infiltration sous radiographie, sous scanner et sous \u00e9chographie avec le Dr Carr\u00e9 St\u00e9phane, veuillez contacter le\u00a0<br \/><a href=\"tel:03.67.47.13.50\"><b>03.67.47.13.50<\/b><\/a><\/p>\t\t\t\t\t\t\t\t<\/div>\n\t\t\t\t\t<\/div>\n\t\t<\/div>\n\t\t\t\t\t<\/div>\n\t\t<\/section>\n\t\t\t\t\t<\/div>\n\t\t<\/div>\n\t\t\t\t\t<\/div>\n\t\t<\/section>\n\t\t\t\t<section class=\"elementor-section elementor-top-section elementor-element elementor-element-8eced8a elementor-section-boxed elementor-section-height-default elementor-section-height-default\" data-id=\"8eced8a\" data-element_type=\"section\" data-e-type=\"section\">\n\t\t\t\t\t\t<div class=\"elementor-container elementor-column-gap-default\">\n\t\t\t\t\t<div class=\"elementor-column elementor-col-100 elementor-top-column elementor-element elementor-element-68e269c\" data-id=\"68e269c\" data-element_type=\"column\" data-e-type=\"column\">\n\t\t\t<div class=\"elementor-widget-wrap elementor-element-populated\">\n\t\t\t\t\t\t<section class=\"elementor-section elementor-inner-section elementor-element elementor-element-96fb62e elementor-section-boxed elementor-section-height-default elementor-section-height-default\" data-id=\"96fb62e\" data-element_type=\"section\" data-e-type=\"section\">\n\t\t\t\t\t\t<div class=\"elementor-container elementor-column-gap-default\">\n\t\t\t\t\t<div class=\"elementor-column elementor-col-100 elementor-inner-column elementor-element elementor-element-f60fac1\" data-id=\"f60fac1\" data-element_type=\"column\" data-e-type=\"column\">\n\t\t\t<div class=\"elementor-widget-wrap elementor-element-populated\">\n\t\t\t\t\t\t<div class=\"elementor-element elementor-element-7aa99e3 de_scroll_animation_no elementor-widget elementor-widget-heading\" data-id=\"7aa99e3\" data-element_type=\"widget\" data-e-type=\"widget\" data-widget_type=\"heading.default\">\n\t\t\t\t\t<h2 class=\"elementor-heading-title elementor-size-default\">Chablais Medical Center <br>B\u00e2timent 1 &amp; 2<\/h2>\t\t\t\t<\/div>\n\t\t\t\t<div class=\"elementor-element elementor-element-376a32f elementor-icon-list--layout-traditional elementor-list-item-link-full_width de_scroll_animation_no elementor-invisible elementor-widget elementor-widget-icon-list\" data-id=\"376a32f\" data-element_type=\"widget\" data-e-type=\"widget\" data-settings=\"{&quot;_animation&quot;:&quot;fadeInUp&quot;}\" data-widget_type=\"icon-list.default\">\n\t\t\t\t\t\t\t<ul class=\"elementor-icon-list-items\">\n\t\t\t\t\t\t\t<li class=\"elementor-icon-list-item\">\n\t\t\t\t\t\t\t\t\t\t\t<span class=\"elementor-icon-list-icon\">\n\t\t\t\t\t\t\t<svg aria-hidden=\"true\" class=\"e-font-icon-svg e-fas-map-marked\" viewbox=\"0 0 576 512\" xmlns=\"http:\/\/www.w3.org\/2000\/svg\"><path d=\"M288 0c-69.59 0-126 56.41-126 126 0 56.26 82.35 158.8 113.9 196.02 6.39 7.54 17.82 7.54 24.2 0C331.65 284.8 414 182.26 414 126 414 56.41 357.59 0 288 0zM20.12 215.95A32.006 32.006 0 0 0 0 245.66v250.32c0 11.32 11.43 19.06 21.94 14.86L160 448V214.92c-8.84-15.98-16.07-31.54-21.25-46.42L20.12 215.95zM288 359.67c-14.07 0-27.38-6.18-36.51-16.96-19.66-23.2-40.57-49.62-59.49-76.72v182l192 64V266c-18.92 27.09-39.82 53.52-59.49 76.72-9.13 10.77-22.44 16.95-36.51 16.95zm266.06-198.51L416 224v288l139.88-55.95A31.996 31.996 0 0 0 576 426.34V176.02c0-11.32-11.43-19.06-21.94-14.86z\"><\/path><\/svg>\t\t\t\t\t\t<\/span>\n\t\t\t\t\t\t\t\t\t\t<span class=\"elementor-icon-list-text\">106 chemin de Morcy<\/span>\n\t\t\t\t\t\t\t\t\t<\/li>\n\t\t\t\t\t\t\t\t<li class=\"elementor-icon-list-item\">\n\t\t\t\t\t\t\t\t\t\t\t<span class=\"elementor-icon-list-icon\">\n\t\t\t\t\t\t\t<svg aria-hidden=\"true\" class=\"e-font-icon-svg e-fas-clock\" viewbox=\"0 0 512 512\" xmlns=\"http:\/\/www.w3.org\/2000\/svg\"><path d=\"M256,8C119,8,8,119,8,256S119,504,256,504,504,393,504,256,393,8,256,8Zm92.49,313h0l-20,25a16,16,0,0,1-22.49,2.5h0l-67-49.72a40,40,0,0,1-15-31.23V112a16,16,0,0,1,16-16h32a16,16,0,0,1,16,16V256l58,42.5A16,16,0,0,1,348.49,321Z\"><\/path><\/svg>\t\t\t\t\t\t<\/span>\n\t\t\t\t\t\t\t\t\t\t<span class=\"elementor-icon-list-text\">Open Monday to Friday from 8 a.m. to 1:30 p.m. and from 2 p.m. to 7 p.m. <br> et le samedi de 8h \u00e0 13h<\/span>\n\t\t\t\t\t\t\t\t\t<\/li>\n\t\t\t\t\t\t<\/ul>\n\t\t\t\t\t\t<\/div>\n\t\t\t\t<div class=\"elementor-element elementor-element-261ac68 de_scroll_animation_no elementor-widget elementor-widget-google_maps\" data-id=\"261ac68\" data-element_type=\"widget\" data-e-type=\"widget\" data-widget_type=\"google_maps.default\">\n\t\t\t\t\t\t\t<div class=\"elementor-custom-embed\">\n\t\t\t<iframe loading=\"lazy\"\n\t\t\t\t\tsrc=\"https:\/\/maps.google.com\/maps?q=106%20chemin%20de%20Morcy%2074%20200%20THONON&#038;t=m&#038;z=10&#038;output=embed&#038;iwloc=near\"\n\t\t\t\t\ttitle=\"106 chemin de Morcy\"\n\t\t\t\t\taria-label=\"106 chemin de Morcy\"\n\t\t\t><\/iframe>\n\t\t<\/div>\n\t\t\t\t\t\t<\/div>\n\t\t\t\t\t<\/div>\n\t\t<\/div>\n\t\t\t\t\t<\/div>\n\t\t<\/section>\n\t\t\t\t\t<\/div>\n\t\t<\/div>\n\t\t\t\t\t<\/div>\n\t\t<\/section>\n\t\t\t\t<\/div>","protected":false},"excerpt":{"rendered":"<p>Contact Accueil&gt;Contact Afin que vous puissiez nous contacter rapidement, nous mettons \u00e0 votre disposition des lignes t\u00e9l\u00e9phoniques directes d\u00e9di\u00e9es Pour une demande de rendez-vous d\u2019imagerie Radiologie conventionnelle et interventionnelle\u00c9chographie \u2013 Cone Beam \u2013 Scanner &#8211; IRMMammographie Num\u00e9rique MicrodoseInterventionnel mammaireOst\u00e9odensitom\u00e9trie 04.57.62.84.74du lundi au vendredi de 8h \u00e0 19hle samedi de 9h \u00e0 13h Pour une modification [&hellip;]<\/p>\n","protected":false},"author":1,"featured_media":0,"parent":0,"menu_order":0,"comment_status":"closed","ping_status":"closed","template":"elementor_header_footer","meta":{"footnotes":""},"class_list":["post-64","page","type-page","status-publish","hentry"],"_links":{"self":[{"href":"https:\/\/cmcradio.fr\/en\/wp-json\/wp\/v2\/pages\/64","targetHints":{"allow":["GET"]}}],"collection":[{"href":"https:\/\/cmcradio.fr\/en\/wp-json\/wp\/v2\/pages"}],"about":[{"href":"https:\/\/cmcradio.fr\/en\/wp-json\/wp\/v2\/types\/page"}],"author":[{"embeddable":true,"href":"https:\/\/cmcradio.fr\/en\/wp-json\/wp\/v2\/users\/1"}],"replies":[{"embeddable":true,"href":"https:\/\/cmcradio.fr\/en\/wp-json\/wp\/v2\/comments?post=64"}],"version-history":[{"count":12,"href":"https:\/\/cmcradio.fr\/en\/wp-json\/wp\/v2\/pages\/64\/revisions"}],"predecessor-version":[{"id":2722,"href":"https:\/\/cmcradio.fr\/en\/wp-json\/wp\/v2\/pages\/64\/revisions\/2722"}],"wp:attachment":[{"href":"https:\/\/cmcradio.fr\/en\/wp-json\/wp\/v2\/media?parent=64"}],"curies":[{"name":"wp","href":"https:\/\/api.w.org\/{rel}","templated":true}]}}